{"id":785,"date":"2022-06-09T16:32:01","date_gmt":"2022-06-09T16:32:01","guid":{"rendered":"https:\/\/startersites.io\/elementor\/persona\/?page_id=785"},"modified":"2026-03-10T04:00:58","modified_gmt":"2026-03-10T07:00:58","slug":"contacto","status":"publish","type":"page","link":"https:\/\/nogawebs.com\/en\/contacto\/","title":{"rendered":"Contact"},"content":{"rendered":"\t\t<div data-elementor-type=\"wp-page\" data-elementor-id=\"785\" class=\"elementor elementor-785\">\n\t\t\t\t<div class=\"elementor-element elementor-element-5de7c9c e-flex e-con-boxed e-con e-parent\" data-id=\"5de7c9c\" data-element_type=\"container\" data-e-type=\"container\" data-settings=\"{&quot;background_background&quot;:&quot;classic&quot;}\">\n\t\t\t\t\t<div class=\"e-con-inner\">\n\t\t\t\t<div class=\"elementor-element elementor-element-3b46e28 elementor-widget__width-initial elementor-widget elementor-widget-image\" data-id=\"3b46e28\" data-element_type=\"widget\" data-e-type=\"widget\" data-widget_type=\"image.default\">\n\t\t\t\t\t\t\t\t\t\t\t\t\t\t\t<img fetchpriority=\"high\" decoding=\"async\" width=\"578\" height=\"686\" src=\"https:\/\/nogawebs.com\/wp-content\/uploads\/2021\/06\/contact-img.png\" class=\"attachment-large size-large wp-image-376\" alt=\"\" srcset=\"https:\/\/nogawebs.com\/wp-content\/uploads\/2021\/06\/contact-img.png 578w, https:\/\/nogawebs.com\/wp-content\/uploads\/2021\/06\/contact-img-253x300.png 253w\" sizes=\"(max-width: 578px) 100vw, 578px\" \/>\t\t\t\t\t\t\t\t\t\t\t\t\t\t\t<\/div>\n\t\t<div class=\"elementor-element elementor-element-90ca26a e-con-full e-flex e-con e-child\" data-id=\"90ca26a\" data-element_type=\"container\" data-e-type=\"container\" data-settings=\"{&quot;background_background&quot;:&quot;classic&quot;}\">\n\t\t\t\t<div class=\"elementor-element elementor-element-cbca12e elementor-widget elementor-widget-text-editor\" data-id=\"cbca12e\" data-element_type=\"widget\" data-e-type=\"widget\" data-widget_type=\"text-editor.default\">\n\t\t\t\t\t\t\t\t\t<p>Ponte en contacto<\/p>\t\t\t\t\t\t\t\t<\/div>\n\t\t\t\t<div class=\"elementor-element elementor-element-4e83451 elementor-widget elementor-widget-heading\" data-id=\"4e83451\" data-element_type=\"widget\" data-e-type=\"widget\" data-widget_type=\"heading.default\">\n\t\t\t\t\t<h2 class=\"elementor-heading-title elementor-size-default\">\nHablemos de tu proyecto<\/h2>\t\t\t\t<\/div>\n\t\t\t\t<div class=\"elementor-element elementor-element-c781f44 elementor-widget elementor-widget-text-editor\" data-id=\"c781f44\" data-element_type=\"widget\" data-e-type=\"widget\" data-widget_type=\"text-editor.default\">\n\t\t\t\t\t\t\t\t\t<p>\u201cEl desarrollo de los proyectos es adecuado y, con ello, se obtiene una buena eficacia. Adem\u00e1s, facilita el crecimiento y mejora los resultados. Tambi\u00e9n contribuye a la estabilidad y al funcionamiento general del proceso.\u201d<\/p><p>Como cada proyecto digital es un mundo, NogaWebs prepara el presupuesto para p\u00e1ginas web y marketing online a medida de los requisitos de cada cliente, adapt\u00e1ndonos a ellos y a otros factores ex\u00f3genos de cada sector como las tendencias del mercado, o las novedades tecnol\u00f3gicas que van surgiendo.<\/p>\t\t\t\t\t\t\t\t<\/div>\n\t\t\t\t<div class=\"elementor-element elementor-element-d573f61 elementor-widget-mobile__width-inherit elementor-widget elementor-widget-wpforms\" data-id=\"d573f61\" data-element_type=\"widget\" data-e-type=\"widget\" data-widget_type=\"wpforms.default\">\n\t\t\t\t<div class=\"elementor-widget-container\">\n\t\t\t\t\t<div class=\"wpforms-container wpforms-render-modern\" id=\"wpforms-378\"><form id=\"wpforms-form-378\" class=\"wpforms-validate wpforms-form\" data-formid=\"378\" method=\"post\" enctype=\"multipart\/form-data\" action=\"\/en\/wp-json\/wp\/v2\/pages\/785\" data-token=\"1e201f604a3ffe9a340134beb46d6bca\" data-token-time=\"1776111028\"><noscript class=\"wpforms-error-noscript\">Please enable JavaScript in your browser to complete this form.<\/noscript><div id=\"wpforms-error-noscript\" style=\"display: none;\">Please enable JavaScript in your browser to complete this form.<\/div><div class=\"wpforms-field-container\"><div id=\"wpforms-378-field_4-container\" class=\"wpforms-field wpforms-field-name\" data-field-id=\"4\"><fieldset><legend class=\"wpforms-field-label\">Nombre <span class=\"wpforms-required-label\" aria-hidden=\"true\">*<\/span><\/legend><div class=\"wpforms-field-row wpforms-field-medium\"><div class=\"wpforms-field-row-block wpforms-first wpforms-one-half\"><input type=\"text\" id=\"wpforms-378-field_4\" class=\"wpforms-field-name-first wpforms-field-required\" name=\"wpforms[fields][4][first]\" aria-errormessage=\"wpforms-378-field_4-error\" required><label for=\"wpforms-378-field_4\" class=\"wpforms-field-sublabel after\">First<\/label><\/div><div class=\"wpforms-field-row-block wpforms-one-half\"><input type=\"text\" id=\"wpforms-378-field_4-last\" class=\"wpforms-field-name-last wpforms-field-required\" name=\"wpforms[fields][4][last]\" aria-errormessage=\"wpforms-378-field_4-last-error\" required><label for=\"wpforms-378-field_4-last\" class=\"wpforms-field-sublabel after\">Last<\/label><\/div><\/div><\/fieldset><\/div><div id=\"wpforms-378-field_5-container\" class=\"wpforms-field wpforms-field-number\" data-field-id=\"5\"><label class=\"wpforms-field-label\" for=\"wpforms-378-field_5\">Telefono<\/label><input type=\"number\" id=\"wpforms-378-field_5\" class=\"wpforms-field-medium\" name=\"wpforms[fields][5]\" step=\"any\" aria-errormessage=\"wpforms-378-field_5-error\" ><\/div><div id=\"wpforms-378-field_1-container\" class=\"wpforms-field wpforms-field-email\" data-field-id=\"1\"><label class=\"wpforms-field-label\" for=\"wpforms-378-field_1\">Email   <span class=\"wpforms-required-label\" aria-hidden=\"true\">*<\/span><\/label><input type=\"email\" id=\"wpforms-378-field_1\" class=\"wpforms-field-large wpforms-field-required\" name=\"wpforms[fields][1]\" placeholder=\"Escriba su email aqui\" spellcheck=\"false\" aria-errormessage=\"wpforms-378-field_1-error\" required><\/div><div id=\"wpforms-378-field_6-container\" class=\"wpforms-field wpforms-field-checkbox\" data-field-id=\"6\"><fieldset><legend class=\"wpforms-field-label\">Aceptaci\u00f3n de la pol\u00edtica de privacidad <span class=\"wpforms-required-label\" aria-hidden=\"true\">*<\/span><\/legend><ul id=\"wpforms-378-field_6\" class=\"wpforms-field-required\"><li class=\"choice-1 depth-1\"><input type=\"checkbox\" id=\"wpforms-378-field_6_1\" name=\"wpforms[fields][6][]\" value=\"He le\u00eddo y acepto la Pol\u00edtica de Privacidad y autorizo el tratamiento de mis datos para responder a mi consulta.\" aria-errormessage=\"wpforms-378-field_6_1-error\" aria-describedby=\"wpforms-378-field_6-description\" required ><label class=\"wpforms-field-label-inline\" for=\"wpforms-378-field_6_1\">He le\u00eddo y acepto la Pol\u00edtica de Privacidad y autorizo el tratamiento de mis datos para responder a mi consulta.<\/label><\/li><\/ul><div id=\"wpforms-378-field_6-description\" class=\"wpforms-field-description\">Para m\u00e1s informaci\u00f3n visitar las webs\/ For more information http:\/\/nogawebs.com\/politica-de-privacidad\/ y http:\/\/nogawebs.com\/cookies .\n<\/div><\/fieldset><\/div><div id=\"wpforms-378-field_2-container\" class=\"wpforms-field wpforms-field-textarea\" data-field-id=\"2\"><label class=\"wpforms-field-label wpforms-label-hide\" for=\"wpforms-378-field_2\" aria-hidden=\"false\">Contenido del mensaje <span class=\"wpforms-required-label\" aria-hidden=\"true\">*<\/span><\/label><textarea id=\"wpforms-378-field_2\" class=\"wpforms-field-medium wpforms-field-required\" name=\"wpforms[fields][2]\" placeholder=\"Contenido del mensaje\" aria-errormessage=\"wpforms-378-field_2-error\" required><\/textarea><\/div><\/div><!-- .wpforms-field-container --><div class=\"wpforms-recaptcha-container wpforms-is-recaptcha wpforms-is-recaptcha-type-v3\" ><input type=\"hidden\" name=\"wpforms[recaptcha]\" value=\"\"><\/div><div class=\"wpforms-submit-container\" ><input type=\"hidden\" name=\"wpforms[id]\" value=\"378\"><input type=\"hidden\" name=\"page_title\" value=\"\"><input type=\"hidden\" name=\"page_url\" value=\"https:\/\/nogawebs.com\/en\/wp-json\/wp\/v2\/pages\/785\"><input type=\"hidden\" name=\"url_referer\" value=\"\"><button type=\"submit\" name=\"wpforms[submit]\" id=\"wpforms-submit-378\" class=\"wpforms-submit\" data-alt-text=\"Enviando...\" data-submit-text=\"Enviar mensaje\" aria-live=\"assertive\" value=\"wpforms-submit\">Enviar mensaje<\/button><\/div><\/form><\/div>  <!-- .wpforms-container -->\t\t\t\t<\/div>\n\t\t\t\t<\/div>\n\t\t\t\t<\/div>\n\t\t\t\t\t<\/div>\n\t\t\t\t<\/div>\n\t\t\t\t<\/div>\n\t\t","protected":false},"excerpt":{"rendered":"<p>Ponte en contacto Hablemos de tu proyecto \u201cEl desarrollo de los proyectos es adecuado y, con ello, se obtiene una buena eficacia. Adem\u00e1s, facilita el crecimiento y mejora los resultados. Tambi\u00e9n contribuye a la estabilidad y al funcionamiento general del proceso.\u201d Como cada proyecto digital es un mundo, NogaWebs prepara el presupuesto para p\u00e1ginas web [&hellip;]<\/p>\n","protected":false},"author":1,"featured_media":0,"parent":0,"menu_order":0,"comment_status":"closed","ping_status":"closed","template":"elementor_header_footer","meta":{"_monsterinsights_skip_tracking":false,"_monsterinsights_sitenote_active":false,"_monsterinsights_sitenote_note":"","_monsterinsights_sitenote_category":0,"footnotes":""},"class_list":["post-785","page","type-page","status-publish","hentry"],"blocksy_meta":{"styles_descriptor":{"styles":{"desktop":"","tablet":"","mobile":""},"google_fonts":[],"version":6}},"yoast_head":"<!-- This site is optimized with the Yoast SEO plugin v27.1.1 - https:\/\/yoast.com\/product\/yoast-seo-wordpress\/ -->\n<title>Contacto - Dise\u00f1ador de Sitios Webs, Grafico y Edici\u00f3n Multimedia.<\/title>\n<meta name=\"robots\" content=\"index, follow, max-snippet:-1, max-image-preview:large, max-video-preview:-1\" \/>\n<link rel=\"canonical\" href=\"https:\/\/nogawebs.com\/en\/contacto\/\" \/>\n<meta property=\"og:locale\" content=\"en_US\" \/>\n<meta property=\"og:type\" content=\"article\" \/>\n<meta property=\"og:title\" content=\"Contacto - Dise\u00f1ador de Sitios Webs, Grafico y Edici\u00f3n Multimedia.\" \/>\n<meta property=\"og:description\" content=\"Ponte en contacto Hablemos de tu proyecto \u201cEl desarrollo de los proyectos es adecuado y, con ello, se obtiene una buena eficacia. Adem\u00e1s, facilita el crecimiento y mejora los resultados. Tambi\u00e9n contribuye a la estabilidad y al funcionamiento general del proceso.\u201d Como cada proyecto digital es un mundo, NogaWebs prepara el presupuesto para p\u00e1ginas web [&hellip;]\" \/>\n<meta property=\"og:url\" content=\"https:\/\/nogawebs.com\/en\/contacto\/\" \/>\n<meta property=\"og:site_name\" content=\"NogaWebs\" \/>\n<meta property=\"article:modified_time\" content=\"2026-03-10T07:00:58+00:00\" \/>\n<meta property=\"og:image\" content=\"http:\/\/nogawebs.com\/wp-content\/uploads\/2021\/06\/contact-img.png\" \/>\n<meta name=\"twitter:card\" content=\"summary_large_image\" \/>\n<meta name=\"twitter:label1\" content=\"Est. reading time\" \/>\n\t<meta name=\"twitter:data1\" content=\"1 minute\" \/>\n<script type=\"application\/ld+json\" class=\"yoast-schema-graph\">{\"@context\":\"https:\/\/schema.org\",\"@graph\":[{\"@type\":\"WebPage\",\"@id\":\"https:\/\/nogawebs.com\/contacto\/\",\"url\":\"https:\/\/nogawebs.com\/contacto\/\",\"name\":\"Contacto - Dise\u00f1ador de Sitios Webs, Grafico y Edici\u00f3n Multimedia.\",\"isPartOf\":{\"@id\":\"https:\/\/nogawebs.com\/#website\"},\"primaryImageOfPage\":{\"@id\":\"https:\/\/nogawebs.com\/contacto\/#primaryimage\"},\"image\":{\"@id\":\"https:\/\/nogawebs.com\/contacto\/#primaryimage\"},\"thumbnailUrl\":\"http:\/\/nogawebs.com\/wp-content\/uploads\/2021\/06\/contact-img.png\",\"datePublished\":\"2022-06-09T16:32:01+00:00\",\"dateModified\":\"2026-03-10T07:00:58+00:00\",\"breadcrumb\":{\"@id\":\"https:\/\/nogawebs.com\/contacto\/#breadcrumb\"},\"inLanguage\":\"en-US\",\"potentialAction\":[{\"@type\":\"ReadAction\",\"target\":[\"https:\/\/nogawebs.com\/contacto\/\"]}]},{\"@type\":\"ImageObject\",\"inLanguage\":\"en-US\",\"@id\":\"https:\/\/nogawebs.com\/contacto\/#primaryimage\",\"url\":\"http:\/\/nogawebs.com\/wp-content\/uploads\/2021\/06\/contact-img.png\",\"contentUrl\":\"http:\/\/nogawebs.com\/wp-content\/uploads\/2021\/06\/contact-img.png\"},{\"@type\":\"BreadcrumbList\",\"@id\":\"https:\/\/nogawebs.com\/contacto\/#breadcrumb\",\"itemListElement\":[{\"@type\":\"ListItem\",\"position\":1,\"name\":\"Inicio\",\"item\":\"https:\/\/nogawebs.com\/\"},{\"@type\":\"ListItem\",\"position\":2,\"name\":\"Contacto\"}]},{\"@type\":\"WebSite\",\"@id\":\"https:\/\/nogawebs.com\/#website\",\"url\":\"https:\/\/nogawebs.com\/\",\"name\":\"NogaWebs\",\"description\":\"Dise\u00f1o de p\u00e1ginas web, creaci\u00f3n de logos y edici\u00f3n multimedia.\",\"alternateName\":\"NogaWebs\",\"potentialAction\":[{\"@type\":\"SearchAction\",\"target\":{\"@type\":\"EntryPoint\",\"urlTemplate\":\"https:\/\/nogawebs.com\/?s={search_term_string}\"},\"query-input\":{\"@type\":\"PropertyValueSpecification\",\"valueRequired\":true,\"valueName\":\"search_term_string\"}}],\"inLanguage\":\"en-US\"}]}<\/script>\n<!-- \/ Yoast SEO plugin. -->","yoast_head_json":{"title":"Contacto - Dise\u00f1ador de Sitios Webs, Grafico y Edici\u00f3n Multimedia.","robots":{"index":"index","follow":"follow","max-snippet":"max-snippet:-1","max-image-preview":"max-image-preview:large","max-video-preview":"max-video-preview:-1"},"canonical":"https:\/\/nogawebs.com\/en\/contacto\/","og_locale":"en_US","og_type":"article","og_title":"Contacto - Dise\u00f1ador de Sitios Webs, Grafico y Edici\u00f3n Multimedia.","og_description":"Ponte en contacto Hablemos de tu proyecto \u201cEl desarrollo de los proyectos es adecuado y, con ello, se obtiene una buena eficacia. Adem\u00e1s, facilita el crecimiento y mejora los resultados. Tambi\u00e9n contribuye a la estabilidad y al funcionamiento general del proceso.\u201d Como cada proyecto digital es un mundo, NogaWebs prepara el presupuesto para p\u00e1ginas web [&hellip;]","og_url":"https:\/\/nogawebs.com\/en\/contacto\/","og_site_name":"NogaWebs","article_modified_time":"2026-03-10T07:00:58+00:00","og_image":[{"url":"http:\/\/nogawebs.com\/wp-content\/uploads\/2021\/06\/contact-img.png","type":"","width":"","height":""}],"twitter_card":"summary_large_image","twitter_misc":{"Est. reading time":"1 minute"},"schema":{"@context":"https:\/\/schema.org","@graph":[{"@type":"WebPage","@id":"https:\/\/nogawebs.com\/contacto\/","url":"https:\/\/nogawebs.com\/contacto\/","name":"Contacto - Dise\u00f1ador de Sitios Webs, Grafico y Edici\u00f3n Multimedia.","isPartOf":{"@id":"https:\/\/nogawebs.com\/#website"},"primaryImageOfPage":{"@id":"https:\/\/nogawebs.com\/contacto\/#primaryimage"},"image":{"@id":"https:\/\/nogawebs.com\/contacto\/#primaryimage"},"thumbnailUrl":"http:\/\/nogawebs.com\/wp-content\/uploads\/2021\/06\/contact-img.png","datePublished":"2022-06-09T16:32:01+00:00","dateModified":"2026-03-10T07:00:58+00:00","breadcrumb":{"@id":"https:\/\/nogawebs.com\/contacto\/#breadcrumb"},"inLanguage":"en-US","potentialAction":[{"@type":"ReadAction","target":["https:\/\/nogawebs.com\/contacto\/"]}]},{"@type":"ImageObject","inLanguage":"en-US","@id":"https:\/\/nogawebs.com\/contacto\/#primaryimage","url":"http:\/\/nogawebs.com\/wp-content\/uploads\/2021\/06\/contact-img.png","contentUrl":"http:\/\/nogawebs.com\/wp-content\/uploads\/2021\/06\/contact-img.png"},{"@type":"BreadcrumbList","@id":"https:\/\/nogawebs.com\/contacto\/#breadcrumb","itemListElement":[{"@type":"ListItem","position":1,"name":"Inicio","item":"https:\/\/nogawebs.com\/"},{"@type":"ListItem","position":2,"name":"Contacto"}]},{"@type":"WebSite","@id":"https:\/\/nogawebs.com\/#website","url":"https:\/\/nogawebs.com\/","name":"NogaWebs","description":"Dise\u00f1o de p\u00e1ginas web, creaci\u00f3n de logos y edici\u00f3n multimedia.","alternateName":"NogaWebs","potentialAction":[{"@type":"SearchAction","target":{"@type":"EntryPoint","urlTemplate":"https:\/\/nogawebs.com\/?s={search_term_string}"},"query-input":{"@type":"PropertyValueSpecification","valueRequired":true,"valueName":"search_term_string"}}],"inLanguage":"en-US"}]}},"_links":{"self":[{"href":"https:\/\/nogawebs.com\/en\/wp-json\/wp\/v2\/pages\/785","targetHints":{"allow":["GET"]}}],"collection":[{"href":"https:\/\/nogawebs.com\/en\/wp-json\/wp\/v2\/pages"}],"about":[{"href":"https:\/\/nogawebs.com\/en\/wp-json\/wp\/v2\/types\/page"}],"author":[{"embeddable":true,"href":"https:\/\/nogawebs.com\/en\/wp-json\/wp\/v2\/users\/1"}],"replies":[{"embeddable":true,"href":"https:\/\/nogawebs.com\/en\/wp-json\/wp\/v2\/comments?post=785"}],"version-history":[{"count":16,"href":"https:\/\/nogawebs.com\/en\/wp-json\/wp\/v2\/pages\/785\/revisions"}],"predecessor-version":[{"id":5185,"href":"https:\/\/nogawebs.com\/en\/wp-json\/wp\/v2\/pages\/785\/revisions\/5185"}],"wp:attachment":[{"href":"https:\/\/nogawebs.com\/en\/wp-json\/wp\/v2\/media?parent=785"}],"curies":[{"name":"wp","href":"https:\/\/api.w.org\/{rel}","templated":true}]}}