{"id":5187,"date":"2026-03-10T04:03:57","date_gmt":"2026-03-10T07:03:57","guid":{"rendered":"http:\/\/nogawebs.com\/?page_id=5187"},"modified":"2026-03-10T04:09:33","modified_gmt":"2026-03-10T07:09:33","slug":"politica-de-privacidad","status":"publish","type":"page","link":"https:\/\/nogawebs.com\/en\/politica-de-privacidad\/","title":{"rendered":"Pol\u00edtica de privacidad"},"content":{"rendered":"<div data-elementor-type=\"wp-page\" data-elementor-id=\"5187\" class=\"elementor elementor-5187\">\n\t\t\t\t<div class=\"elementor-element elementor-element-165fb6c5 e-flex e-con-boxed e-con e-parent\" data-id=\"165fb6c5\" data-element_type=\"container\" data-e-type=\"container\">\n\t\t\t\t\t<div class=\"e-con-inner\">\n\t\t\t\t<div class=\"elementor-element elementor-element-24bc9fe6 elementor-widget elementor-widget-text-editor\" data-id=\"24bc9fe6\" data-element_type=\"widget\" data-e-type=\"widget\" data-widget_type=\"text-editor.default\">\n\t\t\t\t\t\t\t\t\t\n<h2 class=\"wp-block-heading\" data-section-id=\"1ttoojp\" data-start=\"235\" data-end=\"271\">Privacy policy \u2013 NogaWebs<\/h2>\n<p data-start=\"273\" data-end=\"376\"><strong data-start=\"273\" data-end=\"289\">Responsible:<\/strong> NogaWebs<br data-start=\"298\" data-end=\"301\" \/><strong data-start=\"301\" data-end=\"311\">Email:<\/strong> <a class=\"decorated-link cursor-pointer\" rel=\"noopener\" data-start=\"312\" data-end=\"342\">nogawebs.informacion@gmail.com<\/a><br data-start=\"342\" data-end=\"345\" \/><strong data-start=\"345\" data-end=\"353\">Web:<\/strong> <a class=\"decorated-link cursor-pointer\" target=\"_new\" rel=\"noopener\" data-start=\"354\" data-end=\"374\">https:\/\/nogawebs.com<\/a><\/p>\n<p data-start=\"378\" data-end=\"761\">Confidentiality and security are fundamental values of NogaWebs and, in consequence, we assume the commitment to guarantee the privacy of the User at all times and not to collect unnecessary information. Below, we provide you with all the information about our Privacy Policy in relation to the personal data that we collect on our website, explaining:<\/p>\n<ul data-start=\"763\" data-end=\"1027\">\n<li data-section-id=\"k4us99\" data-start=\"763\" data-end=\"820\">\n<p data-start=\"765\" data-end=\"820\">Who is responsible for the processing of your data.<\/p>\n<\/li>\n<li data-section-id=\"1txo8gx\" data-start=\"821\" data-end=\"866\">\n<p data-start=\"823\" data-end=\"866\">For what purposes do we collect your data.<\/p>\n<\/li>\n<li data-section-id=\"1dliv0o\" data-start=\"867\" data-end=\"907\">\n<p data-start=\"869\" data-end=\"907\">The legitimisation for their processing.<\/p>\n<\/li>\n<li data-section-id=\"1hfbwf7\" data-start=\"908\" data-end=\"950\">\n<p data-start=\"910\" data-end=\"950\">For how long we retain.<\/p>\n<\/li>\n<li data-section-id=\"6970fd\" data-start=\"951\" data-end=\"998\">\n<p data-start=\"953\" data-end=\"998\">To which recipients will your data disclosed.<\/p>\n<\/li>\n<li data-section-id=\"1ah85e5\" data-start=\"999\" data-end=\"1027\">\n<p data-start=\"1001\" data-end=\"1027\">What your rights are.<\/p>\n<\/li>\n<\/ul>\n<hr data-start=\"1029\" data-end=\"1032\" \/>\n<h3 data-section-id=\"1nbvfgy\" data-start=\"1034\" data-end=\"1060\">Contact form<\/h3>\n<p data-start=\"1062\" data-end=\"1225\"><strong data-start=\"1062\" data-end=\"1076\">Purpose:<\/strong> To provide a means for users to be able to get in contact with NogaWebs and get answers to your queries or requests for information.<\/p>\n<p data-start=\"1227\" data-end=\"1335\"><strong data-start=\"1227\" data-end=\"1244\">Legitimation:<\/strong> User consent to send information through the contact form.<\/p>\n<p data-start=\"1337\" data-end=\"1587\"><strong data-start=\"1337\" data-end=\"1354\">Conservation:<\/strong> The data will be retained only for as long as necessary to respond to the request by the user. Once attended to, will be deleted, unless the user requests to maintain a record for legal reasons or service.<\/p>\n<hr data-start=\"1589\" data-end=\"1592\" \/>\n<h3 data-section-id=\"1tt2xlh\" data-start=\"1594\" data-end=\"1645\">Obligation to provide personal data<\/h3>\n<p data-start=\"1647\" data-end=\"1869\">The provision of personal data via the contact form is voluntary, but necessary in order to respond to the request. If you do not provide the requested data, we may not be able to attend the consultation.<\/p>\n<hr data-start=\"1871\" data-end=\"1874\" \/>\n<h3 data-section-id=\"8edf65\" data-start=\"1876\" data-end=\"1906\">Recipients of your data<\/h3>\n<p data-start=\"1908\" data-end=\"2003\">Your data are confidential and <strong data-start=\"1939\" data-end=\"1967\">not be transferred to third parties<\/strong>unless there is a legal obligation.<\/p>\n<hr data-start=\"2005\" data-end=\"2008\" \/>\n<h3 data-section-id=\"1f4y0et\" data-start=\"2010\" data-end=\"2059\">Rights in relation to your personal data<\/h3>\n<p data-start=\"2061\" data-end=\"2155\">Any person may exercise the following rights with respect to the data you provide to us:<\/p>\n<ul data-start=\"2157\" data-end=\"2580\">\n<li data-section-id=\"tj72fo\" data-start=\"2157\" data-end=\"2208\">\n<p data-start=\"2159\" data-end=\"2208\">Request <strong data-start=\"2172\" data-end=\"2182\">access<\/strong> your personal data.<\/p>\n<\/li>\n<li data-section-id=\"jufr2o\" data-start=\"2209\" data-end=\"2263\">\n<p data-start=\"2211\" data-end=\"2263\">Request <strong data-start=\"2224\" data-end=\"2241\">rectification<\/strong> of inaccurate data.<\/p>\n<\/li>\n<li data-section-id=\"1d26yui\" data-start=\"2264\" data-end=\"2337\">\n<p data-start=\"2266\" data-end=\"2337\">Request <strong data-start=\"2279\" data-end=\"2292\">suppression<\/strong> of your data when no longer needed.<\/p>\n<\/li>\n<li data-section-id=\"1n1tvxv\" data-start=\"2338\" data-end=\"2417\">\n<p data-start=\"2340\" data-end=\"2417\">Request <strong data-start=\"2353\" data-end=\"2383\">limitation of the treatment<\/strong> in certain circumstances.<\/p>\n<\/li>\n<li data-section-id=\"mt386f\" data-start=\"2418\" data-end=\"2517\">\n<p data-start=\"2420\" data-end=\"2517\">Request <strong data-start=\"2433\" data-end=\"2461\">opposition to the treatment<\/strong> for reasons related to your particular situation.<\/p>\n<\/li>\n<li data-section-id=\"18btm94\" data-start=\"2518\" data-end=\"2580\">\n<p data-start=\"2520\" data-end=\"2580\">Request <strong data-start=\"2533\" data-end=\"2562\">data portability<\/strong> when appropriate.<\/p>\n<\/li>\n<\/ul>\n<p data-start=\"2582\" data-end=\"2782\">To exercise your rights you can send a written request to <strong data-start=\"2634\" data-end=\"2668\"><a class=\"decorated-link cursor-pointer\" rel=\"noopener\" data-start=\"2636\" data-end=\"2666\">nogawebs.informacion@gmail.com<\/a><\/strong>, indicating the reference \u201cPersonal Data\u201d and specifying the right you wish to exercise and the affected data.<\/p>\n<p data-start=\"2784\" data-end=\"2958\">In case of divergences with the company, you can file a claim with the <strong data-start=\"2864\" data-end=\"2907\">Data Protection authority (AEPD)<\/strong>: <a class=\"decorated-link\" href=\"https:\/\/www.aepd.es\/es\" target=\"_new\" rel=\"noopener\" data-start=\"2909\" data-end=\"2957\">https:\/\/www.aepd.es\/es<\/a>.<\/p>\n<hr data-start=\"2960\" data-end=\"2963\" \/>\n<h3 data-section-id=\"1o6qbw1\" data-start=\"2965\" data-end=\"2976\">Cookies<\/h3>\n<p data-start=\"2978\" data-end=\"3226\">This website only uses <strong data-start=\"3013\" data-end=\"3067\">technical cookies, personalization and analysis<\/strong>, own and of third parties (for example, Google Analytics), that <strong data-start=\"3128\" data-end=\"3225\">do not treat data of a personal nature, nor capture browsing habits for advertising purposes<\/strong>.<\/p>\n<p data-start=\"3228\" data-end=\"3513\">When you access our website, in compliance with article 22 of the Law on Services of the Information Society, we request your consent to the use of cookies for analysis, which will be installed after a reasonable time for the user decides to provide his or her consent or not.<\/p>\n<hr data-start=\"3515\" data-end=\"3518\" \/>\n<h3 data-section-id=\"1h8bu5r\" data-start=\"3520\" data-end=\"3557\">Security of your personal data<\/h3>\n<p data-start=\"3559\" data-end=\"3767\">We have adopted all the necessary technical and organizational measures to ensure the security of the personal data supplied by you, preventing alteration, loss, treatment or unauthorized access.<\/p>\n<hr data-start=\"3769\" data-end=\"3772\" \/>\n<h3 data-section-id=\"1ab0i2c\" data-start=\"3774\" data-end=\"3804\">Updating your data<\/h3>\n<p data-start=\"3806\" data-end=\"4003\">It is important that you inform us if your personal information changes, to keep them updated. NogaWebs is not responsible for the accuracy of the data provided incorrectly by the user.<\/p>\n<hr data-start=\"4005\" data-end=\"4008\" \/>\n<h3 data-section-id=\"5cr1hb\" data-start=\"4010\" data-end=\"4032\">Third-party links<\/h3>\n<p data-start=\"4034\" data-end=\"4209\">We are not responsible for the privacy policy regarding the personal data which you may provide to third parties through the links available on our website.<\/p>\n<hr data-start=\"4211\" data-end=\"4214\" \/>\n<h3 data-section-id=\"ubkwc4\" data-start=\"4216\" data-end=\"4249\">Modifications to Policy<\/h3>\n<p data-start=\"4251\" data-end=\"4434\">This Privacy Policy may be modified to adapt to changes in the web, in the legislation or case law on personal data. Its reading is recommended periodically.<\/p>\t\t\t\t\t\t\t\t<\/div>\n\t\t\t\t\t<\/div>\n\t\t\t\t<\/div>\n\t\t\t\t<\/div>","protected":false},"excerpt":{"rendered":"<p>Pol\u00edtica de Privacidad \u2013 NogaWebs Responsable: NogaWebsEmail: nogawebs.informacion@gmail.comWeb: https:\/\/nogawebs.com La confidencialidad y la seguridad son valores primordiales de NogaWebs y, en consecuencia, asumimos el compromiso de garantizar la privacidad del Usuario en todo momento y de no recabar informaci\u00f3n innecesaria. A continuaci\u00f3n, le proporcionamos toda la informaci\u00f3n sobre nuestra Pol\u00edtica de Privacidad en relaci\u00f3n con [&hellip;]<\/p>\n","protected":false},"author":1,"featured_media":0,"parent":0,"menu_order":0,"comment_status":"closed","ping_status":"closed","template":"elementor_header_footer","meta":{"_monsterinsights_skip_tracking":false,"_monsterinsights_sitenote_active":false,"_monsterinsights_sitenote_note":"","_monsterinsights_sitenote_category":0,"footnotes":""},"class_list":["post-5187","page","type-page","status-publish","hentry"],"blocksy_meta":[],"yoast_head":"<!-- This site is optimized with the Yoast SEO plugin v27.1.1 - https:\/\/yoast.com\/product\/yoast-seo-wordpress\/ -->\n<title>Pol\u00edtica de privacidad - Dise\u00f1ador de Sitios Webs, Grafico y Edici\u00f3n Multimedia.<\/title>\n<meta name=\"robots\" content=\"index, follow, max-snippet:-1, max-image-preview:large, max-video-preview:-1\" \/>\n<link rel=\"canonical\" href=\"https:\/\/nogawebs.com\/en\/politica-de-privacidad\/\" \/>\n<meta property=\"og:locale\" content=\"en_US\" \/>\n<meta property=\"og:type\" content=\"article\" \/>\n<meta property=\"og:title\" content=\"Pol\u00edtica de privacidad - Dise\u00f1ador de Sitios Webs, Grafico y Edici\u00f3n Multimedia.\" \/>\n<meta property=\"og:description\" content=\"Pol\u00edtica de Privacidad \u2013 NogaWebs Responsable: NogaWebsEmail: nogawebs.informacion@gmail.comWeb: https:\/\/nogawebs.com La confidencialidad y la seguridad son valores primordiales de NogaWebs y, en consecuencia, asumimos el compromiso de garantizar la privacidad del Usuario en todo momento y de no recabar informaci\u00f3n innecesaria. A continuaci\u00f3n, le proporcionamos toda la informaci\u00f3n sobre nuestra Pol\u00edtica de Privacidad en relaci\u00f3n con [&hellip;]\" \/>\n<meta property=\"og:url\" content=\"https:\/\/nogawebs.com\/en\/politica-de-privacidad\/\" \/>\n<meta property=\"og:site_name\" content=\"NogaWebs\" \/>\n<meta property=\"article:modified_time\" content=\"2026-03-10T07:09:33+00:00\" \/>\n<meta name=\"twitter:card\" content=\"summary_large_image\" \/>\n<meta name=\"twitter:label1\" content=\"Est. reading time\" \/>\n\t<meta name=\"twitter:data1\" content=\"3 minutes\" \/>\n<script type=\"application\/ld+json\" class=\"yoast-schema-graph\">{\"@context\":\"https:\/\/schema.org\",\"@graph\":[{\"@type\":\"WebPage\",\"@id\":\"https:\/\/nogawebs.com\/politica-de-privacidad\/\",\"url\":\"https:\/\/nogawebs.com\/politica-de-privacidad\/\",\"name\":\"Pol\u00edtica de privacidad - Dise\u00f1ador de Sitios Webs, Grafico y Edici\u00f3n Multimedia.\",\"isPartOf\":{\"@id\":\"https:\/\/nogawebs.com\/#website\"},\"datePublished\":\"2026-03-10T07:03:57+00:00\",\"dateModified\":\"2026-03-10T07:09:33+00:00\",\"breadcrumb\":{\"@id\":\"https:\/\/nogawebs.com\/politica-de-privacidad\/#breadcrumb\"},\"inLanguage\":\"en-US\",\"potentialAction\":[{\"@type\":\"ReadAction\",\"target\":[\"https:\/\/nogawebs.com\/politica-de-privacidad\/\"]}]},{\"@type\":\"BreadcrumbList\",\"@id\":\"https:\/\/nogawebs.com\/politica-de-privacidad\/#breadcrumb\",\"itemListElement\":[{\"@type\":\"ListItem\",\"position\":1,\"name\":\"Inicio\",\"item\":\"https:\/\/nogawebs.com\/\"},{\"@type\":\"ListItem\",\"position\":2,\"name\":\"Pol\u00edtica de privacidad\"}]},{\"@type\":\"WebSite\",\"@id\":\"https:\/\/nogawebs.com\/#website\",\"url\":\"https:\/\/nogawebs.com\/\",\"name\":\"NogaWebs\",\"description\":\"Dise\u00f1o de p\u00e1ginas web, creaci\u00f3n de logos y edici\u00f3n multimedia.\",\"alternateName\":\"NogaWebs\",\"potentialAction\":[{\"@type\":\"SearchAction\",\"target\":{\"@type\":\"EntryPoint\",\"urlTemplate\":\"https:\/\/nogawebs.com\/?s={search_term_string}\"},\"query-input\":{\"@type\":\"PropertyValueSpecification\",\"valueRequired\":true,\"valueName\":\"search_term_string\"}}],\"inLanguage\":\"en-US\"}]}<\/script>\n<!-- \/ Yoast SEO plugin. -->","yoast_head_json":{"title":"Pol\u00edtica de privacidad - Dise\u00f1ador de Sitios Webs, Grafico y Edici\u00f3n Multimedia.","robots":{"index":"index","follow":"follow","max-snippet":"max-snippet:-1","max-image-preview":"max-image-preview:large","max-video-preview":"max-video-preview:-1"},"canonical":"https:\/\/nogawebs.com\/en\/politica-de-privacidad\/","og_locale":"en_US","og_type":"article","og_title":"Pol\u00edtica de privacidad - Dise\u00f1ador de Sitios Webs, Grafico y Edici\u00f3n Multimedia.","og_description":"Pol\u00edtica de Privacidad \u2013 NogaWebs Responsable: NogaWebsEmail: nogawebs.informacion@gmail.comWeb: https:\/\/nogawebs.com La confidencialidad y la seguridad son valores primordiales de NogaWebs y, en consecuencia, asumimos el compromiso de garantizar la privacidad del Usuario en todo momento y de no recabar informaci\u00f3n innecesaria. A continuaci\u00f3n, le proporcionamos toda la informaci\u00f3n sobre nuestra Pol\u00edtica de Privacidad en relaci\u00f3n con [&hellip;]","og_url":"https:\/\/nogawebs.com\/en\/politica-de-privacidad\/","og_site_name":"NogaWebs","article_modified_time":"2026-03-10T07:09:33+00:00","twitter_card":"summary_large_image","twitter_misc":{"Est. reading time":"3 minutes"},"schema":{"@context":"https:\/\/schema.org","@graph":[{"@type":"WebPage","@id":"https:\/\/nogawebs.com\/politica-de-privacidad\/","url":"https:\/\/nogawebs.com\/politica-de-privacidad\/","name":"Pol\u00edtica de privacidad - Dise\u00f1ador de Sitios Webs, Grafico y Edici\u00f3n Multimedia.","isPartOf":{"@id":"https:\/\/nogawebs.com\/#website"},"datePublished":"2026-03-10T07:03:57+00:00","dateModified":"2026-03-10T07:09:33+00:00","breadcrumb":{"@id":"https:\/\/nogawebs.com\/politica-de-privacidad\/#breadcrumb"},"inLanguage":"en-US","potentialAction":[{"@type":"ReadAction","target":["https:\/\/nogawebs.com\/politica-de-privacidad\/"]}]},{"@type":"BreadcrumbList","@id":"https:\/\/nogawebs.com\/politica-de-privacidad\/#breadcrumb","itemListElement":[{"@type":"ListItem","position":1,"name":"Inicio","item":"https:\/\/nogawebs.com\/"},{"@type":"ListItem","position":2,"name":"Pol\u00edtica de privacidad"}]},{"@type":"WebSite","@id":"https:\/\/nogawebs.com\/#website","url":"https:\/\/nogawebs.com\/","name":"NogaWebs","description":"Dise\u00f1o de p\u00e1ginas web, creaci\u00f3n de logos y edici\u00f3n multimedia.","alternateName":"NogaWebs","potentialAction":[{"@type":"SearchAction","target":{"@type":"EntryPoint","urlTemplate":"https:\/\/nogawebs.com\/?s={search_term_string}"},"query-input":{"@type":"PropertyValueSpecification","valueRequired":true,"valueName":"search_term_string"}}],"inLanguage":"en-US"}]}},"_links":{"self":[{"href":"https:\/\/nogawebs.com\/en\/wp-json\/wp\/v2\/pages\/5187","targetHints":{"allow":["GET"]}}],"collection":[{"href":"https:\/\/nogawebs.com\/en\/wp-json\/wp\/v2\/pages"}],"about":[{"href":"https:\/\/nogawebs.com\/en\/wp-json\/wp\/v2\/types\/page"}],"author":[{"embeddable":true,"href":"https:\/\/nogawebs.com\/en\/wp-json\/wp\/v2\/users\/1"}],"replies":[{"embeddable":true,"href":"https:\/\/nogawebs.com\/en\/wp-json\/wp\/v2\/comments?post=5187"}],"version-history":[{"count":7,"href":"https:\/\/nogawebs.com\/en\/wp-json\/wp\/v2\/pages\/5187\/revisions"}],"predecessor-version":[{"id":5196,"href":"https:\/\/nogawebs.com\/en\/wp-json\/wp\/v2\/pages\/5187\/revisions\/5196"}],"wp:attachment":[{"href":"https:\/\/nogawebs.com\/en\/wp-json\/wp\/v2\/media?parent=5187"}],"curies":[{"name":"wp","href":"https:\/\/api.w.org\/{rel}","templated":true}]}}