{"id":5172,"date":"2026-03-10T03:57:50","date_gmt":"2026-03-10T06:57:50","guid":{"rendered":"http:\/\/nogawebs.com\/?page_id=5172"},"modified":"2026-03-12T03:54:15","modified_gmt":"2026-03-12T06:54:15","slug":"politica-de-cookies","status":"publish","type":"page","link":"https:\/\/nogawebs.com\/en\/politica-de-cookies\/","title":{"rendered":"Politica de Cookies"},"content":{"rendered":"<div data-elementor-type=\"wp-page\" data-elementor-id=\"5172\" class=\"elementor elementor-5172\">\n\t\t\t\t<div class=\"elementor-element elementor-element-8cf6134 e-flex e-con-boxed e-con e-parent\" data-id=\"8cf6134\" data-element_type=\"container\" data-e-type=\"container\">\n\t\t\t\t\t<div class=\"e-con-inner\">\n\t\t\t\t<div class=\"elementor-element elementor-element-967c99b elementor-widget elementor-widget-text-editor\" data-id=\"967c99b\" data-element_type=\"widget\" data-e-type=\"widget\" data-widget_type=\"text-editor.default\">\n\t\t\t\t\t\t\t\t\t<h2 data-section-id=\"u5t39u\" data-start=\"185\" data-end=\"207\">Cookie policy<\/h2><p data-start=\"209\" data-end=\"304\"><strong data-start=\"209\" data-end=\"225\">Responsible:<\/strong> NogaWebs<br data-start=\"234\" data-end=\"237\" \/><strong data-start=\"237\" data-end=\"247\">Email:<\/strong> <a class=\"decorated-link cursor-pointer\" rel=\"noopener\" data-start=\"248\" data-end=\"278\">nogawebs.informacion@gmail.com<\/a><br data-start=\"278\" data-end=\"281\" \/><strong data-start=\"281\" data-end=\"289\">Web:<\/strong> nogawebs.com<\/p><p data-start=\"306\" data-end=\"854\">Cookies are short of information that are sent and stored on the hard disk of the user's computer through your browser when it connects to a web. Cookies can be used to collect and store user data while connected to provide you the requested services and that are not usually persist (session cookies), or to retain user data for other future services and they can be retained for indefinite time (persistent cookies). Cookies may be own or third party.<\/p><p data-start=\"856\" data-end=\"884\">There are several types of cookies:<\/p><p data-start=\"886\" data-end=\"1220\"><strong data-start=\"886\" data-end=\"906\">Technical Cookies<\/strong> that facilitate user navigation and use of the various options or services offered by the web as identify the session, allow access to certain areas, facilitate orders, purchases, filling out forms, registration, security, and functionalities (videos, social networks...).<\/p><p data-start=\"1222\" data-end=\"1360\"><strong data-start=\"1222\" data-end=\"1252\">Cookies customization<\/strong> that allow the user to access services according to their preferences (language, browser, configuration...).<\/p><p data-start=\"1362\" data-end=\"1586\"><strong data-start=\"1362\" data-end=\"1385\">Analytics Cookies<\/strong> that allow the analysis anonymous of the behavior of web users and allow to measure user activity and develop profiles of navigation with the aim of improving web sites.<\/p><p data-start=\"1588\" data-end=\"1678\"><strong data-start=\"1588\" data-end=\"1613\">Cookies advertising<\/strong> that allow the management of advertising spaces of the website.<\/p><p data-start=\"1680\" data-end=\"1958\"><strong data-start=\"1680\" data-end=\"1719\">Targeted advertising Cookies<\/strong> that allow the management of advertising spaces on the web based on the behavior and browsing habits of the user, where you get your profile and allow you to customize the advertisements that are displayed in the user's browser.<\/p><p data-start=\"1960\" data-end=\"2168\"><strong data-start=\"1960\" data-end=\"2168\">NogaWebs uses cookies techniques to customization and analysis, own and third parties, in no case treat personal data, but to capture browsing habits for statistical purposes.<\/strong><\/p><hr data-start=\"2170\" data-end=\"2173\" \/><h3 data-section-id=\"1izn634\" data-start=\"2175\" data-end=\"2189\">Necessary<\/h3><p data-start=\"2191\" data-end=\"2381\">The necessary cookies are crucial to the basic functions of the web site and this will not function correctly without them. These cookies do not store any personally identifiable information.<\/p><p data-start=\"2383\" data-end=\"2677\"><strong data-start=\"2383\" data-end=\"2396\">PHPSESSID<\/strong> \u2013 session<br data-start=\"2405\" data-end=\"2408\" \/>This cookie is native to PHP applications. The cookie stores and identify the unique session ID of a user to manage user sessions on the web site. The cookie is a session and will be deleted when you close all the browser windows.<\/p><p data-start=\"2679\" data-end=\"2924\"><strong data-start=\"2679\" data-end=\"2700\">cookieyes-consent<\/strong> \u2013 1 year<br data-start=\"2708\" data-end=\"2711\" \/>CookieYes sets this cookie to remember the preferences of users ' consent, so as to comply in the following visits to this site. Does not collect or store any personal information.<\/p><p data-start=\"2926\" data-end=\"3023\"><strong data-start=\"2926\" data-end=\"2937\">__cf_bm<\/strong> \u2013 1 hour<br data-start=\"2946\" data-end=\"2949\" \/>Cloudflare set this cookie for supporting Cloudflare Bot Management.<\/p><p data-start=\"3025\" data-end=\"3118\"><strong data-start=\"3025\" data-end=\"3037\">__cfruid<\/strong> \u2013 session<br data-start=\"3046\" data-end=\"3049\" \/>Cloudflare uses this cookie to identify traffic web of trust.<\/p><hr data-start=\"3120\" data-end=\"3123\" \/><h3 data-section-id=\"4k0o8m\" data-start=\"3125\" data-end=\"3138\">Analytical<\/h3><p data-start=\"3140\" data-end=\"3381\">The analytical cookies are used in order to understand how they interact with the visitors to the website. These cookies help to provide information on metrics like the number of visitors, bounce rate, or the source of traffic.<\/p><p data-start=\"3383\" data-end=\"3536\"><strong data-start=\"3383\" data-end=\"3394\">_gcl_au<\/strong> \u2013 3 months<br data-start=\"3404\" data-end=\"3407\" \/>Google Tag Manager sets this cookie to experience the effectiveness of advertising websites using their services.<\/p><p data-start=\"3538\" data-end=\"3741\"><strong data-start=\"3538\" data-end=\"3545\">_ga<\/strong> \u2013 1 year 1 month 4 days<br data-start=\"3566\" data-end=\"3569\" \/>Google Analytics sets this cookie to calculate the data of visitors, sessions and campaigns and to track usage of the site for the analysis report.<\/p><p data-start=\"3743\" data-end=\"3862\"><strong data-start=\"3743\" data-end=\"3753\"><em data-start=\"3745\" data-end=\"3749\">ga<\/em>*<\/strong> \u2013 1 year 1 month 4 days<br data-start=\"3774\" data-end=\"3777\" \/>Google Analytics uses this cookie to store and count the visits to the page.<\/p><hr data-start=\"3864\" data-end=\"3867\" \/><h3 data-section-id=\"1bitrv3\" data-start=\"3869\" data-end=\"3883\">Advertising<\/h3><p data-start=\"3885\" data-end=\"4058\">Advertising cookies are used to offer personalized advertisements based on the pages you have visited previously, and to analyze the effectiveness of the advertising campaigns.<\/p><p data-start=\"4060\" data-end=\"4246\"><strong data-start=\"4060\" data-end=\"4067\">IDE<\/strong> \u2013 1 year 24 days<br data-start=\"4083\" data-end=\"4086\" \/>The cookies Google DoubleClick IDE store information about the use that the user makes in the website to present ads relevant to your profile.<\/p><p data-start=\"4248\" data-end=\"4372\"><strong data-start=\"4248\" data-end=\"4263\">test_cookie<\/strong> \u2013 15 minutes<br data-start=\"4276\" data-end=\"4279\" \/>DoubleClick sets this cookie is used to determine if the user's browser supports cookies.<\/p><p data-start=\"4374\" data-end=\"4498\"><strong data-start=\"4374\" data-end=\"4381\">YSC<\/strong> \u2013 session<br data-start=\"4390\" data-end=\"4393\" \/>YouTube sets this cookie to track the views of embedded videos.<\/p><p data-start=\"4500\" data-end=\"4592\"><strong data-start=\"4500\" data-end=\"4522\">VISITOR_INFO1_LIVE<\/strong> \u2013 6 months<br data-start=\"4532\" data-end=\"4535\" \/>YouTube uses this cookie to measure the bandwidth.<\/p><p data-start=\"4594\" data-end=\"4729\"><strong data-start=\"4594\" data-end=\"4622\">VISITOR_PRIVACY_METADATA<\/strong> \u2013 6 months<br data-start=\"4632\" data-end=\"4635\" \/>YouTube uses this cookie to store the state of consent for cookies on the user.<\/p><p data-start=\"4731\" data-end=\"4846\"><strong data-start=\"4731\" data-end=\"4754\">yt-remote-device-id<\/strong> \u2013 never<br data-start=\"4762\" data-end=\"4765\" \/>YouTube uses this cookie to store the video preferences of the user.<\/p><p data-start=\"4848\" data-end=\"4971\"><strong data-start=\"4848\" data-end=\"4879\">yt-remote-connected-devices<\/strong> \u2013 never<br data-start=\"4887\" data-end=\"4890\" \/>YouTube uses this cookie to store the video preferences of the user.<\/p><hr data-start=\"4973\" data-end=\"4976\" \/><h3 data-section-id=\"ypxw0r\" data-start=\"4978\" data-end=\"4997\">Uncategorized<\/h3><p data-start=\"4999\" data-end=\"5095\">Other cookies are not categorized are those that are being analyzed and are not yet classified.<\/p><p data-start=\"5097\" data-end=\"5141\">(<em data-start=\"5098\" data-end=\"5140\">cfuvid, ASI, CDI, CPA, CCK, cf_clearance<\/em>)<\/p><hr data-start=\"5143\" data-end=\"5146\" \/><p data-start=\"5148\" data-end=\"5327\">When you access our website, in compliance with the <strong data-start=\"5194\" data-end=\"5272\">article 22 of the Law on Services of the Information Society (LSSI)<\/strong>, we request your consent to the use of cookies.<\/p><p data-start=\"5329\" data-end=\"5424\">However, you can <strong data-start=\"5348\" data-end=\"5423\">to enable or disable cookies from your browser settings<\/strong>:<\/p><ul data-start=\"5426\" data-end=\"5500\"><li data-section-id=\"aoo9xy\" data-start=\"5426\" data-end=\"5436\"><p data-start=\"5428\" data-end=\"5436\">Chrome<\/p><\/li><li data-section-id=\"cuslc1\" data-start=\"5437\" data-end=\"5448\"><p data-start=\"5439\" data-end=\"5448\">Firefox<\/p><\/li><li data-section-id=\"hzfmvs\" data-start=\"5449\" data-end=\"5470\"><p data-start=\"5451\" data-end=\"5470\">Internet Explorer<\/p><\/li><li data-section-id=\"bcdque\" data-start=\"5471\" data-end=\"5481\"><p data-start=\"5473\" data-end=\"5481\">Safari<\/p><\/li><li data-section-id=\"7hbwkh\" data-start=\"5482\" data-end=\"5491\"><p data-start=\"5484\" data-end=\"5491\">Opera<\/p><\/li><li data-section-id=\"1yt37wr\" data-start=\"5492\" data-end=\"5500\"><p data-start=\"5494\" data-end=\"5500\">Edge<\/p><\/li><\/ul><p data-start=\"5502\" data-end=\"5575\">For more information you can consult the help section of your browser.<\/p>\t\t\t\t\t\t\t\t<\/div>\n\t\t\t\t\t<\/div>\n\t\t\t\t<\/div>\n\t\t\t\t<\/div>","protected":false},"excerpt":{"rendered":"<p>Pol\u00edtica de Cookies Responsable: NogaWebsEmail: nogawebs.informacion@gmail.comWeb: nogawebs.com Las cookies son breves informaciones que se env\u00edan y almacenan en el disco duro del ordenador del usuario a trav\u00e9s de su navegador cuando \u00e9ste se conecta a una web. Las cookies se pueden utilizar para recabar y almacenar datos del usuario mientras est\u00e1 conectado para facilitarle los [&hellip;]<\/p>\n","protected":false},"author":1,"featured_media":0,"parent":0,"menu_order":0,"comment_status":"closed","ping_status":"closed","template":"elementor_header_footer","meta":{"_monsterinsights_skip_tracking":false,"_monsterinsights_sitenote_active":false,"_monsterinsights_sitenote_note":"","_monsterinsights_sitenote_category":0,"footnotes":""},"class_list":["post-5172","page","type-page","status-publish","hentry"],"blocksy_meta":[],"yoast_head":"<!-- This site is optimized with the Yoast SEO plugin v27.1.1 - https:\/\/yoast.com\/product\/yoast-seo-wordpress\/ -->\n<title>Politica de Cookies - Dise\u00f1ador de Sitios Webs, Grafico y Edici\u00f3n Multimedia.<\/title>\n<meta name=\"robots\" content=\"index, follow, max-snippet:-1, max-image-preview:large, max-video-preview:-1\" \/>\n<link rel=\"canonical\" href=\"https:\/\/nogawebs.com\/en\/politica-de-cookies\/\" \/>\n<meta property=\"og:locale\" content=\"en_US\" \/>\n<meta property=\"og:type\" content=\"article\" \/>\n<meta property=\"og:title\" content=\"Politica de Cookies - Dise\u00f1ador de Sitios Webs, Grafico y Edici\u00f3n Multimedia.\" \/>\n<meta property=\"og:description\" content=\"Pol\u00edtica de Cookies Responsable: NogaWebsEmail: nogawebs.informacion@gmail.comWeb: nogawebs.com Las cookies son breves informaciones que se env\u00edan y almacenan en el disco duro del ordenador del usuario a trav\u00e9s de su navegador cuando \u00e9ste se conecta a una web. Las cookies se pueden utilizar para recabar y almacenar datos del usuario mientras est\u00e1 conectado para facilitarle los [&hellip;]\" \/>\n<meta property=\"og:url\" content=\"https:\/\/nogawebs.com\/en\/politica-de-cookies\/\" \/>\n<meta property=\"og:site_name\" content=\"NogaWebs\" \/>\n<meta property=\"article:modified_time\" content=\"2026-03-12T06:54:15+00:00\" \/>\n<meta name=\"twitter:card\" content=\"summary_large_image\" \/>\n<meta name=\"twitter:label1\" content=\"Est. reading time\" \/>\n\t<meta name=\"twitter:data1\" content=\"4 minutes\" \/>\n<script type=\"application\/ld+json\" class=\"yoast-schema-graph\">{\"@context\":\"https:\/\/schema.org\",\"@graph\":[{\"@type\":\"WebPage\",\"@id\":\"https:\/\/nogawebs.com\/politica-de-cookies\/\",\"url\":\"https:\/\/nogawebs.com\/politica-de-cookies\/\",\"name\":\"Politica de Cookies - Dise\u00f1ador de Sitios Webs, Grafico y Edici\u00f3n Multimedia.\",\"isPartOf\":{\"@id\":\"https:\/\/nogawebs.com\/#website\"},\"datePublished\":\"2026-03-10T06:57:50+00:00\",\"dateModified\":\"2026-03-12T06:54:15+00:00\",\"breadcrumb\":{\"@id\":\"https:\/\/nogawebs.com\/politica-de-cookies\/#breadcrumb\"},\"inLanguage\":\"en-US\",\"potentialAction\":[{\"@type\":\"ReadAction\",\"target\":[\"https:\/\/nogawebs.com\/politica-de-cookies\/\"]}]},{\"@type\":\"BreadcrumbList\",\"@id\":\"https:\/\/nogawebs.com\/politica-de-cookies\/#breadcrumb\",\"itemListElement\":[{\"@type\":\"ListItem\",\"position\":1,\"name\":\"Inicio\",\"item\":\"https:\/\/nogawebs.com\/\"},{\"@type\":\"ListItem\",\"position\":2,\"name\":\"Politica de Cookies\"}]},{\"@type\":\"WebSite\",\"@id\":\"https:\/\/nogawebs.com\/#website\",\"url\":\"https:\/\/nogawebs.com\/\",\"name\":\"NogaWebs\",\"description\":\"Dise\u00f1o de p\u00e1ginas web, creaci\u00f3n de logos y edici\u00f3n multimedia.\",\"alternateName\":\"NogaWebs\",\"potentialAction\":[{\"@type\":\"SearchAction\",\"target\":{\"@type\":\"EntryPoint\",\"urlTemplate\":\"https:\/\/nogawebs.com\/?s={search_term_string}\"},\"query-input\":{\"@type\":\"PropertyValueSpecification\",\"valueRequired\":true,\"valueName\":\"search_term_string\"}}],\"inLanguage\":\"en-US\"}]}<\/script>\n<!-- \/ Yoast SEO plugin. -->","yoast_head_json":{"title":"Politica de Cookies - Dise\u00f1ador de Sitios Webs, Grafico y Edici\u00f3n Multimedia.","robots":{"index":"index","follow":"follow","max-snippet":"max-snippet:-1","max-image-preview":"max-image-preview:large","max-video-preview":"max-video-preview:-1"},"canonical":"https:\/\/nogawebs.com\/en\/politica-de-cookies\/","og_locale":"en_US","og_type":"article","og_title":"Politica de Cookies - Dise\u00f1ador de Sitios Webs, Grafico y Edici\u00f3n Multimedia.","og_description":"Pol\u00edtica de Cookies Responsable: NogaWebsEmail: nogawebs.informacion@gmail.comWeb: nogawebs.com Las cookies son breves informaciones que se env\u00edan y almacenan en el disco duro del ordenador del usuario a trav\u00e9s de su navegador cuando \u00e9ste se conecta a una web. Las cookies se pueden utilizar para recabar y almacenar datos del usuario mientras est\u00e1 conectado para facilitarle los [&hellip;]","og_url":"https:\/\/nogawebs.com\/en\/politica-de-cookies\/","og_site_name":"NogaWebs","article_modified_time":"2026-03-12T06:54:15+00:00","twitter_card":"summary_large_image","twitter_misc":{"Est. reading time":"4 minutes"},"schema":{"@context":"https:\/\/schema.org","@graph":[{"@type":"WebPage","@id":"https:\/\/nogawebs.com\/politica-de-cookies\/","url":"https:\/\/nogawebs.com\/politica-de-cookies\/","name":"Politica de Cookies - Dise\u00f1ador de Sitios Webs, Grafico y Edici\u00f3n Multimedia.","isPartOf":{"@id":"https:\/\/nogawebs.com\/#website"},"datePublished":"2026-03-10T06:57:50+00:00","dateModified":"2026-03-12T06:54:15+00:00","breadcrumb":{"@id":"https:\/\/nogawebs.com\/politica-de-cookies\/#breadcrumb"},"inLanguage":"en-US","potentialAction":[{"@type":"ReadAction","target":["https:\/\/nogawebs.com\/politica-de-cookies\/"]}]},{"@type":"BreadcrumbList","@id":"https:\/\/nogawebs.com\/politica-de-cookies\/#breadcrumb","itemListElement":[{"@type":"ListItem","position":1,"name":"Inicio","item":"https:\/\/nogawebs.com\/"},{"@type":"ListItem","position":2,"name":"Politica de Cookies"}]},{"@type":"WebSite","@id":"https:\/\/nogawebs.com\/#website","url":"https:\/\/nogawebs.com\/","name":"NogaWebs","description":"Dise\u00f1o de p\u00e1ginas web, creaci\u00f3n de logos y edici\u00f3n multimedia.","alternateName":"NogaWebs","potentialAction":[{"@type":"SearchAction","target":{"@type":"EntryPoint","urlTemplate":"https:\/\/nogawebs.com\/?s={search_term_string}"},"query-input":{"@type":"PropertyValueSpecification","valueRequired":true,"valueName":"search_term_string"}}],"inLanguage":"en-US"}]}},"_links":{"self":[{"href":"https:\/\/nogawebs.com\/en\/wp-json\/wp\/v2\/pages\/5172","targetHints":{"allow":["GET"]}}],"collection":[{"href":"https:\/\/nogawebs.com\/en\/wp-json\/wp\/v2\/pages"}],"about":[{"href":"https:\/\/nogawebs.com\/en\/wp-json\/wp\/v2\/types\/page"}],"author":[{"embeddable":true,"href":"https:\/\/nogawebs.com\/en\/wp-json\/wp\/v2\/users\/1"}],"replies":[{"embeddable":true,"href":"https:\/\/nogawebs.com\/en\/wp-json\/wp\/v2\/comments?post=5172"}],"version-history":[{"count":8,"href":"https:\/\/nogawebs.com\/en\/wp-json\/wp\/v2\/pages\/5172\/revisions"}],"predecessor-version":[{"id":5266,"href":"https:\/\/nogawebs.com\/en\/wp-json\/wp\/v2\/pages\/5172\/revisions\/5266"}],"wp:attachment":[{"href":"https:\/\/nogawebs.com\/en\/wp-json\/wp\/v2\/media?parent=5172"}],"curies":[{"name":"wp","href":"https:\/\/api.w.org\/{rel}","templated":true}]}}